{"id":82,"date":"2021-09-02T13:25:59","date_gmt":"2021-09-02T10:25:59","guid":{"rendered":"https:\/\/uutisistahyvaailtaa.fi\/?page_id=82"},"modified":"2022-02-04T13:41:39","modified_gmt":"2022-02-04T11:41:39","slug":"etusivu-uusiksi","status":"publish","type":"page","link":"https:\/\/uutisistahyvaailtaa.fi\/","title":{"rendered":"Seikkailu alkaa&#8230;"},"content":{"rendered":"\n<figure class=\"wp-block-image size-full\"><img loading=\"lazy\" decoding=\"async\" width=\"1080\" height=\"1200\" src=\"https:\/\/uutisistahyvaailtaa.fi\/wp-content\/uploads\/2021\/09\/uutisistahyvaailtaa_1_\u00a9TiinaPaju.jpg\" alt=\"\" class=\"wp-image-112\" srcset=\"https:\/\/uutisistahyvaailtaa.fi\/wp-content\/uploads\/2021\/09\/uutisistahyvaailtaa_1_\u00a9TiinaPaju.jpg 1080w, https:\/\/uutisistahyvaailtaa.fi\/wp-content\/uploads\/2021\/09\/uutisistahyvaailtaa_1_\u00a9TiinaPaju-270x300.jpg 270w, https:\/\/uutisistahyvaailtaa.fi\/wp-content\/uploads\/2021\/09\/uutisistahyvaailtaa_1_\u00a9TiinaPaju-922x1024.jpg 922w, https:\/\/uutisistahyvaailtaa.fi\/wp-content\/uploads\/2021\/09\/uutisistahyvaailtaa_1_\u00a9TiinaPaju-768x853.jpg 768w\" sizes=\"auto, (max-width: 1080px) 100vw, 1080px\" \/><figcaption>N\u00e4in alkaa kertomus korona-ajasta television uutistoimituksen nurkasta n\u00e4htyn\u00e4. Seuraavat sivut voi lukea maaliskuussa 2022 julkaistavasta albumista, joka on hankittavissa Suuren Kurpitsan verkkosivuilta <a rel=\"noreferrer noopener\" href=\"http:\/\/www.suurikurpitsa.fi\" target=\"_blank\">www.suurikurpitsa.fi<\/a>\u00a0.<\/figcaption><\/figure>\n\n\n\n<figure class=\"wp-block-image size-full\"><img loading=\"lazy\" decoding=\"async\" width=\"800\" height=\"914\" src=\"https:\/\/uutisistahyvaailtaa.fi\/wp-content\/uploads\/2022\/02\/UUTISISTAHYVAILTAA_kansi2022_800.jpg\" alt=\"\" class=\"wp-image-220\" srcset=\"https:\/\/uutisistahyvaailtaa.fi\/wp-content\/uploads\/2022\/02\/UUTISISTAHYVAILTAA_kansi2022_800.jpg 800w, https:\/\/uutisistahyvaailtaa.fi\/wp-content\/uploads\/2022\/02\/UUTISISTAHYVAILTAA_kansi2022_800-263x300.jpg 263w, https:\/\/uutisistahyvaailtaa.fi\/wp-content\/uploads\/2022\/02\/UUTISISTAHYVAILTAA_kansi2022_800-768x877.jpg 768w\" sizes=\"auto, (max-width: 800px) 100vw, 800px\" \/><\/figure>\n","protected":false},"excerpt":{"rendered":"","protected":false},"author":1,"featured_media":0,"parent":2,"menu_order":0,"comment_status":"closed","ping_status":"closed","template":"","meta":{"footnotes":""},"class_list":["post-82","page","type-page","status-publish","hentry"],"_links":{"self":[{"href":"https:\/\/uutisistahyvaailtaa.fi\/index.php\/wp-json\/wp\/v2\/pages\/82","targetHints":{"allow":["GET"]}}],"collection":[{"href":"https:\/\/uutisistahyvaailtaa.fi\/index.php\/wp-json\/wp\/v2\/pages"}],"about":[{"href":"https:\/\/uutisistahyvaailtaa.fi\/index.php\/wp-json\/wp\/v2\/types\/page"}],"author":[{"embeddable":true,"href":"https:\/\/uutisistahyvaailtaa.fi\/index.php\/wp-json\/wp\/v2\/users\/1"}],"replies":[{"embeddable":true,"href":"https:\/\/uutisistahyvaailtaa.fi\/index.php\/wp-json\/wp\/v2\/comments?post=82"}],"version-history":[{"count":28,"href":"https:\/\/uutisistahyvaailtaa.fi\/index.php\/wp-json\/wp\/v2\/pages\/82\/revisions"}],"predecessor-version":[{"id":224,"href":"https:\/\/uutisistahyvaailtaa.fi\/index.php\/wp-json\/wp\/v2\/pages\/82\/revisions\/224"}],"up":[{"embeddable":true,"href":"https:\/\/uutisistahyvaailtaa.fi\/index.php\/wp-json\/wp\/v2\/pages\/2"}],"wp:attachment":[{"href":"https:\/\/uutisistahyvaailtaa.fi\/index.php\/wp-json\/wp\/v2\/media?parent=82"}],"curies":[{"name":"wp","href":"https:\/\/api.w.org\/{rel}","templated":true}]}}